{"id":4191,"date":"2015-07-06T17:08:46","date_gmt":"2015-07-06T16:08:46","guid":{"rendered":"http:\/\/www.tppdenhartog.nl\/denhartog\/home-copy\/"},"modified":"2018-06-06T15:02:02","modified_gmt":"2018-06-06T14:02:02","slug":"implantaten","status":"publish","type":"page","link":"https:\/\/www.tppdenhartog.nl\/denhartog\/implantaten\/","title":{"rendered":"Implantaten"},"content":{"rendered":"<p>[et_pb_section bb_built=&#8221;1&#8243;][et_pb_row][et_pb_column type=&#8221;3_4&#8243;][et_pb_text _builder_version=&#8221;3.5.1&#8243;]<\/p>\n<h2><strong>Implantaten<\/strong><\/h2>\n<p><strong>Wat is een implantaat?<\/strong><br \/>\nEen implantaat kunt u vergelijken met een kunstwortel, die als een schroef in de kaak wordt geplaatst. Deze komt op de plaats waar vroeger uw tanden en kiezen hebben gestaan. Let op niet voor iedere tand wordt een implantaat geplaatst. Het volstaat om voor het dragen van de prothese slechts 2 of 4 implantaten te plaatsen. Een implantaat is veelal gemaakt van zuiver titanium al dan niet voorzien van een keramische buitenlaag. Deze materialen worden niet door het lichaam afgestoten. Het implantaat heeft een doorsnee van ongeveer vier millimeter en is tien tot zestien millimeter lang. Een implantaat wordt onder plaatselijke verdoving geplaatst en biedt na inheling houvast aan het uiteindelijke kunstgebit. Vaak worden de implantaten in de onderkaak geplaatst en zelden in de bovenkaak.<\/p>\n<p><strong>De verwijzing<\/strong><br \/>\nDe tandprotheticus, tandarts-implantoloog en kaakchirurg werken op het gebied van de implantologie nauw samen. Tussen hen bestaat een verwijsrelatie en duidelijke afspraken worden gemaakt, zodat u als pati\u00ebnt en de behandelende personen precies weten waar ze aan toe zijn. In veel gevallen komt het voor dat u voor het eerste consult bij de tandprotheticus terecht komt. Na beoordeling van uw mond, of na het maken van een \u201cnormaal\u201d kunstgebit, komt het voor dat het houvast van het ondergebit zo slecht is dat met u over implantaten gesproken wordt. Het ondergebit zit vaak te los omdat uw kaak ver geslonken is en er geen hoogte meer aanwezig is om het kunstgebit op vast te houden. Wanneer u instemt om in de onderkaak implantaten te laten plaatsen dan zal de tandprotheticus u schriftelijk verwijzen naar de tandarts-implantoloog of de kaakchirurg waarmee hij samenwerkt. Uzelf, de tandprotheticus of de tandarts-implantoloog maakt met u een afspraak voor een eerste consult, wat tijdens dit consult gebeurt wordt later beschreven. Als u uiteindelijk ge\u00efmplanteerd bent dan zal de tandarts-implantoloog of de kaakchirurg de tandprotheticus schriftelijk inlichten over de stand van zaken en u terug verwijzen op het moment dat de implantaten geheel vast zitten in het bot en de tandprotheticus uw gebit kan gaan maken. De tandprotheticus verzorgt dus het uitneembare deel en de tandarts-implantoloog of kaakchirurg verzorgt het vastzittende deel.<\/p>\n<p><strong>Wanneer worden implantaten toegepast?<\/strong><br \/>\nEen implantaat kan in verschillende situaties worden toegepast:<\/p>\n<ul>\n<li>bij het ontbreken van een tand of kies,<\/li>\n<li>bij het ontbreken van meerdere tanden en kiezen,<\/li>\n<li>bij het ontbreken van alle tanden en kiezen.<\/li>\n<\/ul>\n<p>We beperken ons tot de bespreking van het laatste punt \u2013 bij het ontbreken van alle tanden en kiezen \u2013 omdat dit betrekking heeft op het volledig kunstgebit over implantaten. Een implantaat wordt vaak geplaatst als het maken van een \u201cnormale\u201d prothese wel gaat maar dit niet de gewenste resultaten geeft zoals u dat zou willen.<\/p>\n<p>Wanneer u al lang een kunstgebit draagt dan is en blijft de onderkaak slinken. Dit slinken heeft als gevolg dat de onderkaak steeds minder hoog wordt en het kunstgebit steeds losser gaat zitten. Het kunstgebit schuift over het tandvlees, met daaronder het kaakbot, tijdens het eten en veroorzaakt telkens vervelende pijn. Wanneer u zich meldt bij de tandprotheticus, voor controle, dan kan hij beoordelen of vervanging, aanpassing of plaatsen van implantaten noodzakelijk is. Als uw klachten van dien aard zijn en de onderkaak zo laag is dat van de eerste twee geen sprake is dan zal de tandprotheticus u doorverwijzen naar een tandarts-implantoloog of kaakchirurg om implantaten te laten plaatsen voordat hij een nieuw kunstgebit gaat maken.<\/p>\n<p>Bijna bij iedereen is het mogelijk om implantaten te plaatsen. Er zijn echter wel een aantal voorwaarden waaraan men moet voldoen om het plaatsen van implantaten ook een succes te laten zijn.<\/p>\n<p>Er moet genoeg kaakbot aanwezig zijn om het implantaat in te verankeren<\/p>\n<ul>\n<li>Het kaakbot moet gezond zijn<\/li>\n<li>Het tandvlees moet gezond zijn<\/li>\n<li>U moet gezond zijn.<\/li>\n<li>U moet bereid zijn de implantaten en het daarop bevestigde kunstgebit goed te reinigen<\/li>\n<\/ul>\n<p><strong>Welke mogelijkheden bestaan er?<br \/>\n<\/strong>Er bestaan drie verankeringssystemen om het kunstgebit vast te zetten over de implantaten en wel de volgende:<\/p>\n<ul>\n<li>met drukknoppen,<\/li>\n<li>met magneten,<\/li>\n<li>met een steg, staafje tussen de implantaten.<\/li>\n<\/ul>\n<p>Welk systeem er bij u gebruikt wordt is afhankelijk van verschillende factoren. Dit zal dan ook door de tandprotheticus, tandarts-implantoloog en kaakchirurg met u besproken worden.<\/p>\n<p><strong>Het plaatsen van de implantaten.<\/strong><br \/>\nDeze behandeling bestaat uit verschillende fasen en wel de volgende:<\/p>\n<ul>\n<li>Intake, kennismakingsgesprek<\/li>\n<\/ul>\n<p>U wordt ontvangen bij de tandarts-implantoloog of de kaakchirurg waar met u kennis gemaakt wordt en meteen een gezondheidsvragenlijst ingevuld wordt. U heeft al eerder gelezen dat het voor het welslagen van de behandeling noodzakelijk is dat we enig inzicht hebben in uw gezondheid. Gebruik van medicijnen, complicaties of medische problemen bij eerder tandheelkundige behandelingen en eventuele allergie\u00ebn worden genoteerd. Na het invullen van deze vragenlijst wordt de mondholte ge\u00efnspecteerd en wordt er een r\u00f6ntgenfoto van uw kaken gemaakt. Aan de hand van het onderzoek en de foto word met u besproken wat het te volgen behandelplan is. Wanneer het een implantaatbehandeling betreft die door de zorgverzekeraar vergoed kunnen worden dan zal de tandarts-implantoloog of kaakchirurg samen met u de nodige (aanvraag) formulieren worden ingevuld. Vervolgens wordt de gehele behandelprocedure uitvoerig uitgelegd en worden uw eventuele vragen beantwoord. Aan het einde van het bezoek wordt de afspraak gemaakt voor het plaatsen van de implantaten. Het is raadzaam iemand mee te nemen naar deze behandeling, omdat u plaatselijk verdoofd wordt en u zich na de behandeling een beetje flauw kunt voelen.<\/p>\n<p><strong>Eerste fase implantologie<\/strong><br \/>\nTijdens de eerste fase worden de implantaten 2 of 4 in uw onderkaak geplaatst. Deze behandeling neemt 45 minuten tot een uur in beslag. Er wordt begonnen met een plaatselijke verdoving waarna het tandvlees opengesneden en opzij geschoven wordt. Het bot is nu zichtbaar en wordt indien nodig iets gecorrigeerd, afgevlakt. Vervolgens worden de gaatjes in uw onderkaak geboord waarna het implantaat geplaatst wordt. Als alle implantaten in uw onderkaak staan dan wordt het tandvlees met hechtingen gesloten.<\/p>\n<p><strong>Rustperiode<\/strong><br \/>\nNa het aanbrengen van de implantaten volgt een rustperiode van twee tot vijf maanden, omdat het bot de gelegenheid moet krijgen rond het implantaat vast te groeien. Een tot twee weken na de operatie worden de hechtingen verwijderd en controleert de tandarts-implantoloog of de kaakchirurg de situatie in de mond. Het kunstgebit wordt aangepast aan de nieuwe situatie en kan verder de gehele rustperiode worden gedragen.<\/p>\n<p><strong>Tweede fase implantologie<\/strong><br \/>\nNa een rustperiode volgt de tweede fase, waarin een tijdelijke opbouw op het implantaat wordt geplaatst. Deze opbouw zal door het tandvlees heen steken. Hiervoor zal onder plaatselijk verdoving een sneetje in het tandvlees worden gemaakt, waarna het tandvlees rond de opbouw kan genezen.<\/p>\n<p><strong>Korte rustpriode<\/strong><br \/>\nNa een korte rustperiode van ongeveer twee weken wordt het schroefje, dat door uw tandvlees heen steekt en waar omheen het tandvlees genezen is, verwijderd. Nu wordt de definitieve opbouw geplaatst waarop het uiteindelijke gebit gemaakt kan gaan worden.<\/p>\n<p><strong>Tweede fase implantologie<\/strong><br \/>\nU wordt nu door de tandarts-implantoloog of kaakchirurg terug verwezen naar de tandprotheticus voor het laten aanmeten van het kunstgebit. De behandeling word afgesloten met een poetsinstructie en een controle als het kunstgebit gereed is en u hiermee geen klachten meer heeft.<\/p>\n<p><strong>Het maken van het kunstgebit op implantaten<\/strong><br \/>\nU komt terug bij de tandprotheticus waar 6 afspraken met u gemaakt worden voor het aanmeten van het kunstgebit op implantaten. Het maken van het kunstgebit op implantaten verschilt niet veel met het maken van het \u201cnormale\u201d kunstgebit. De tandprotheticus moet er echter wel voor zorgen dat het gebit perfect op de implantaten past en het gebit geen negatieve krachten op de implantaten uitoefent waardoor deze verloren zouden kunnen gaan.<\/p>\n<p><strong>Reinigen van de implantaten, het kunstgebit en de mondholte<\/strong><br \/>\nImplantaten gaan in principe erg lang mee. Een goede mond en prothese hygi\u00ebne is van het allergrootste belang voor het behoud van de implantaten. De belangrijkste plaatsen om schoon te maken zijn de overgangen van de implantaten naar het tandvlees. Tijdens de poetsinstructie zal worden uitgelegd welk hulpmiddelen voor u het meest geschikt zijn. Daarnaast is het nodig de tandarts-implantoloog, kaakchirurg of mondhygi\u00ebniste regelmatig te bezoeken om de implantaten te laten reinigen. Van even groot belang is het reinigen van het kunstgebit en de mondholte.<\/p>\n<p>[\/et_pb_text][\/et_pb_column][et_pb_column type=&#8221;1_4&#8243;][et_pb_image _builder_version=&#8221;3.5.1&#8243; src=&#8221;http:\/\/www.tppdenhartog.nl\/denhartog\/wp-content\/uploads\/2015\/10\/implantaat.jpg&#8221; \/][\/et_pb_column][\/et_pb_row][\/et_pb_section]<\/p>\n","protected":false},"excerpt":{"rendered":"<p><div class=\"et_pb_row et_pb_row_0 et_pb_row_empty\">\n\t\t\t\t\n\t\t\t\t\n\t\t\t\t\n\t\t\t\t\n\t\t\t\t\n\t\t\t<\/div> Implantaten Wat is een implantaat? Een implantaat kunt u vergelijken met een kunstwortel, die als een schroef in de kaak wordt geplaatst. Deze komt op de plaats waar vroeger uw tanden en kiezen hebben gestaan. Let op niet voor iedere tand wordt een implantaat geplaatst. Het volstaat om voor het dragen van de prothese [&hellip;]<\/p>\n","protected":false},"author":1,"featured_media":0,"parent":0,"menu_order":0,"comment_status":"closed","ping_status":"open","template":"","meta":{"_et_pb_use_builder":"on","_et_pb_old_content":"","_et_gb_content_width":"","inline_featured_image":false,"footnotes":""},"class_list":["post-4191","page","type-page","status-publish","hentry"],"yoast_head":"<!-- This site is optimized with the Yoast SEO plugin v27.3 - https:\/\/yoast.com\/product\/yoast-seo-wordpress\/ -->\n<title>Tandprothetische praktijk den Hartog<\/title>\n<meta name=\"description\" content=\"Implantaten? Tandprothetische praktijk den Hartog\" \/>\n<meta name=\"robots\" content=\"index, follow, max-snippet:-1, max-image-preview:large, max-video-preview:-1\" \/>\n<link rel=\"canonical\" href=\"https:\/\/www.tppdenhartog.nl\/denhartog\/implantaten\/\" \/>\n<meta property=\"og:locale\" content=\"nl_NL\" \/>\n<meta property=\"og:type\" content=\"article\" \/>\n<meta property=\"og:title\" content=\"Tandprothetische praktijk den Hartog\" \/>\n<meta property=\"og:description\" content=\"Implantaten? Tandprothetische praktijk den Hartog\" \/>\n<meta property=\"og:url\" content=\"https:\/\/www.tppdenhartog.nl\/denhartog\/implantaten\/\" \/>\n<meta property=\"og:site_name\" content=\"Tpp den Hartog\" \/>\n<meta property=\"article:modified_time\" content=\"2018-06-06T14:02:02+00:00\" \/>\n<meta name=\"twitter:card\" content=\"summary_large_image\" \/>\n<meta name=\"twitter:label1\" content=\"Geschatte leestijd\" \/>\n\t<meta name=\"twitter:data1\" content=\"7 minuten\" \/>\n<script type=\"application\/ld+json\" class=\"yoast-schema-graph\">{\"@context\":\"https:\\\/\\\/schema.org\",\"@graph\":[{\"@type\":\"WebPage\",\"@id\":\"https:\\\/\\\/www.tppdenhartog.nl\\\/denhartog\\\/implantaten\\\/\",\"url\":\"https:\\\/\\\/www.tppdenhartog.nl\\\/denhartog\\\/implantaten\\\/\",\"name\":\"Tandprothetische praktijk den Hartog\",\"isPartOf\":{\"@id\":\"https:\\\/\\\/www.tppdenhartog.nl\\\/denhartog\\\/#website\"},\"datePublished\":\"2015-07-06T16:08:46+00:00\",\"dateModified\":\"2018-06-06T14:02:02+00:00\",\"description\":\"Implantaten? Tandprothetische praktijk den Hartog\",\"breadcrumb\":{\"@id\":\"https:\\\/\\\/www.tppdenhartog.nl\\\/denhartog\\\/implantaten\\\/#breadcrumb\"},\"inLanguage\":\"nl-NL\",\"potentialAction\":[{\"@type\":\"ReadAction\",\"target\":[\"https:\\\/\\\/www.tppdenhartog.nl\\\/denhartog\\\/implantaten\\\/\"]}]},{\"@type\":\"BreadcrumbList\",\"@id\":\"https:\\\/\\\/www.tppdenhartog.nl\\\/denhartog\\\/implantaten\\\/#breadcrumb\",\"itemListElement\":[{\"@type\":\"ListItem\",\"position\":1,\"name\":\"Home\",\"item\":\"https:\\\/\\\/www.tppdenhartog.nl\\\/denhartog\\\/\"},{\"@type\":\"ListItem\",\"position\":2,\"name\":\"Implantaten\"}]},{\"@type\":\"WebSite\",\"@id\":\"https:\\\/\\\/www.tppdenhartog.nl\\\/denhartog\\\/#website\",\"url\":\"https:\\\/\\\/www.tppdenhartog.nl\\\/denhartog\\\/\",\"name\":\"Tpp den Hartog\",\"description\":\"Tandprothetische praktijk\",\"potentialAction\":[{\"@type\":\"SearchAction\",\"target\":{\"@type\":\"EntryPoint\",\"urlTemplate\":\"https:\\\/\\\/www.tppdenhartog.nl\\\/denhartog\\\/?s={search_term_string}\"},\"query-input\":{\"@type\":\"PropertyValueSpecification\",\"valueRequired\":true,\"valueName\":\"search_term_string\"}}],\"inLanguage\":\"nl-NL\"}]}<\/script>\n<!-- \/ Yoast SEO plugin. -->","yoast_head_json":{"title":"Tandprothetische praktijk den Hartog","description":"Implantaten? Tandprothetische praktijk den Hartog","robots":{"index":"index","follow":"follow","max-snippet":"max-snippet:-1","max-image-preview":"max-image-preview:large","max-video-preview":"max-video-preview:-1"},"canonical":"https:\/\/www.tppdenhartog.nl\/denhartog\/implantaten\/","og_locale":"nl_NL","og_type":"article","og_title":"Tandprothetische praktijk den Hartog","og_description":"Implantaten? Tandprothetische praktijk den Hartog","og_url":"https:\/\/www.tppdenhartog.nl\/denhartog\/implantaten\/","og_site_name":"Tpp den Hartog","article_modified_time":"2018-06-06T14:02:02+00:00","twitter_card":"summary_large_image","twitter_misc":{"Geschatte leestijd":"7 minuten"},"schema":{"@context":"https:\/\/schema.org","@graph":[{"@type":"WebPage","@id":"https:\/\/www.tppdenhartog.nl\/denhartog\/implantaten\/","url":"https:\/\/www.tppdenhartog.nl\/denhartog\/implantaten\/","name":"Tandprothetische praktijk den Hartog","isPartOf":{"@id":"https:\/\/www.tppdenhartog.nl\/denhartog\/#website"},"datePublished":"2015-07-06T16:08:46+00:00","dateModified":"2018-06-06T14:02:02+00:00","description":"Implantaten? Tandprothetische praktijk den Hartog","breadcrumb":{"@id":"https:\/\/www.tppdenhartog.nl\/denhartog\/implantaten\/#breadcrumb"},"inLanguage":"nl-NL","potentialAction":[{"@type":"ReadAction","target":["https:\/\/www.tppdenhartog.nl\/denhartog\/implantaten\/"]}]},{"@type":"BreadcrumbList","@id":"https:\/\/www.tppdenhartog.nl\/denhartog\/implantaten\/#breadcrumb","itemListElement":[{"@type":"ListItem","position":1,"name":"Home","item":"https:\/\/www.tppdenhartog.nl\/denhartog\/"},{"@type":"ListItem","position":2,"name":"Implantaten"}]},{"@type":"WebSite","@id":"https:\/\/www.tppdenhartog.nl\/denhartog\/#website","url":"https:\/\/www.tppdenhartog.nl\/denhartog\/","name":"Tpp den Hartog","description":"Tandprothetische praktijk","potentialAction":[{"@type":"SearchAction","target":{"@type":"EntryPoint","urlTemplate":"https:\/\/www.tppdenhartog.nl\/denhartog\/?s={search_term_string}"},"query-input":{"@type":"PropertyValueSpecification","valueRequired":true,"valueName":"search_term_string"}}],"inLanguage":"nl-NL"}]}},"_links":{"self":[{"href":"https:\/\/www.tppdenhartog.nl\/denhartog\/wp-json\/wp\/v2\/pages\/4191","targetHints":{"allow":["GET"]}}],"collection":[{"href":"https:\/\/www.tppdenhartog.nl\/denhartog\/wp-json\/wp\/v2\/pages"}],"about":[{"href":"https:\/\/www.tppdenhartog.nl\/denhartog\/wp-json\/wp\/v2\/types\/page"}],"author":[{"embeddable":true,"href":"https:\/\/www.tppdenhartog.nl\/denhartog\/wp-json\/wp\/v2\/users\/1"}],"replies":[{"embeddable":true,"href":"https:\/\/www.tppdenhartog.nl\/denhartog\/wp-json\/wp\/v2\/comments?post=4191"}],"version-history":[{"count":7,"href":"https:\/\/www.tppdenhartog.nl\/denhartog\/wp-json\/wp\/v2\/pages\/4191\/revisions"}],"predecessor-version":[{"id":4583,"href":"https:\/\/www.tppdenhartog.nl\/denhartog\/wp-json\/wp\/v2\/pages\/4191\/revisions\/4583"}],"wp:attachment":[{"href":"https:\/\/www.tppdenhartog.nl\/denhartog\/wp-json\/wp\/v2\/media?parent=4191"}],"curies":[{"name":"wp","href":"https:\/\/api.w.org\/{rel}","templated":true}]}}